{"id":1325,"date":"2021-09-07T12:47:03","date_gmt":"2021-09-07T12:47:03","guid":{"rendered":"https:\/\/kremlabor.hu\/?page_id=1325"},"modified":"2021-09-07T12:59:56","modified_gmt":"2021-09-07T12:59:56","slug":"altalanos-szerzodesi-feltetelek2","status":"publish","type":"page","link":"https:\/\/kremlabor.hu\/en\/altalanos-szerzodesi-feltetelek2\/","title":{"rendered":"\u00c1ltal\u00e1nos Szerz\u0151d\u00e9si Felt\u00e9telek2"},"content":{"rendered":"<div data-elementor-type=\"wp-page\" data-elementor-id=\"1325\" class=\"elementor elementor-1325\">\n\t\t\t\t\t\t<section class=\"elementor-section elementor-top-section elementor-element elementor-element-57b6e3d elementor-section-boxed elementor-section-height-default elementor-section-height-default\" data-id=\"57b6e3d\" data-element_type=\"section\">\n\t\t\t\t\t\t<div class=\"elementor-container elementor-column-gap-default\">\n\t\t\t\t\t<div class=\"elementor-column elementor-col-50 elementor-top-column elementor-element elementor-element-8d6d74f\" data-id=\"8d6d74f\" data-element_type=\"column\">\n\t\t\t<div class=\"elementor-widget-wrap elementor-element-populated\">\n\t\t\t\t\t\t<div class=\"elementor-element elementor-element-c7cf180 elementor-widget elementor-widget-spacer\" data-id=\"c7cf180\" data-element_type=\"widget\" data-widget_type=\"spacer.default\">\n\t\t\t\t<div class=\"elementor-widget-container\">\n\t\t\t\t\t\t\t<div class=\"elementor-spacer\">\n\t\t\t<div class=\"elementor-spacer-inner\"><\/div>\n\t\t<\/div>\n\t\t\t\t\t\t<\/div>\n\t\t\t\t<\/div>\n\t\t\t\t<div class=\"elementor-element elementor-element-c609f62 elementor-widget elementor-widget-heading\" data-id=\"c609f62\" data-element_type=\"widget\" data-widget_type=\"heading.default\">\n\t\t\t\t<div class=\"elementor-widget-container\">\n\t\t\t\t\t<h2 class=\"elementor-heading-title elementor-size-default\">\u00c1ltal\u00e1nos szerz\u0151d\u00e9si felt\u00e9telek<\/h2>\t\t\t\t<\/div>\n\t\t\t\t<\/div>\n\t\t\t\t<div class=\"elementor-element elementor-element-9b3b948 elementor-widget elementor-widget-text-editor\" data-id=\"9b3b948\" data-element_type=\"widget\" data-widget_type=\"text-editor.default\">\n\t\t\t\t<div class=\"elementor-widget-container\">\n\t\t\t\t\t\t\t\t\t<p>A jelen \u00e1ltal\u00e1nos szerz\u0151d\u00e9si felt\u00e9telek \u2013 a tov\u00e1bbiakban: \u201e\u00c1SZF\u201d \u2013 M\u00f3rocza-<br \/>Tavas Eszter Egy\u00e9ni v\u00e1llalkoz\u00f3 \u2013 tov\u00e1bbiakban: \u201eElad\u00f3\u201d \u2013 \u00e1ltal a<br \/>www.kremlabor.hu honlapon kereszt\u00fcl \u00e9rt\u00e9kes\u00edtett \u201cterm\u00e9kek\u201d \u2013 a<br \/>tov\u00e1bbiakban: \u201eTerm\u00e9kek\u201d \u2013 megv\u00e1s\u00e1rl\u00e1s\u00e1nak felt\u00e9teleit szab\u00e1lyozza.<\/p><p><strong>1. A Szolg\u00e1ltat\u00e1s ny\u00fajt\u00f3i:<\/strong><br \/>N\u00e9v:\u00a0M\u00f3rocza-Tavas Eszter<br \/>Sz\u00e9khely:\u00a08411 Veszpr\u00e9m, Vas\u00fat u. 21\/1.<br \/>Nyilv\u00e1ntart\u00e1si sz\u00e1m: 54699377<br \/>Ad\u00f3sz\u00e1m:\u00a055949967-1-39<br \/>Email c\u00edm: info@kremlabor.hu<br \/>Telefonsz\u00e1m:\u00a006-20\/357-9336<\/p><p><strong>4. Felhaszn\u00e1l\u00e1si felt\u00e9telek<\/strong><\/p><p>4.1. Felel\u0151ss\u00e9g<\/p><p>A Felhaszn\u00e1l\u00f3 a honlapot kiz\u00e1r\u00f3lag a saj\u00e1t kock\u00e1zat\u00e1ra haszn\u00e1lhatja, \u00e9s<br \/>elfogadja, hogy az Elad\u00f3 nem v\u00e1llal felel\u0151ss\u00e9get a haszn\u00e1lat sor\u00e1n felmer\u00fcl\u0151<br \/>vagyoni \u00e9s nem vagyoni k\u00e1rok\u00e9rt a sz\u00e1nd\u00e9kosan, s\u00falyos gondatlans\u00e1ggal,<br \/>vagy b\u0171ncselekm\u00e9nnyel okozott, tov\u00e1bb\u00e1 az \u00e9letet, testi \u00e9ps\u00e9get, eg\u00e9szs\u00e9get<br \/>megk\u00e1ros\u00edt\u00f3 szerz\u0151d\u00e9sszeg\u00e9s\u00e9rt val\u00f3 felel\u0151ss\u00e9gen t\u00falmen\u0151en.<br \/>Az Elad\u00f3 kiz\u00e1r minden felel\u0151ss\u00e9get a honlap haszn\u00e1l\u00f3i \u00e1ltal tan\u00fas\u00edtott<br \/>magatart\u00e1s\u00e9rt \u00e9s hogy a Felhaszn\u00e1l\u00f3 teljes m\u00e9rt\u00e9kben \u00e9s kiz\u00e1r\u00f3lagosan<br \/>felel\u0151s saj\u00e1t magatart\u00e1s\u00e1\u00e9rt.<br \/>A Felhaszn\u00e1l\u00f3 k\u00f6teles gondoskodni arr\u00f3l, hogy a honlap haszn\u00e1lata sor\u00e1n<br \/>harmadik szem\u00e9lyek jogait vagy a jogszab\u00e1lyokat sem k\u00f6zvetlen\u00fcl, sem<br \/>k\u00f6zvetett m\u00f3don ne s\u00e9rtse.<br \/>A Felhaszn\u00e1l\u00f3k \u00e1ltal a honlap haszn\u00e1lata sor\u00e1n esetlegesen el\u00e9rhet\u0151v\u00e9 tett<br \/>tartalmat (p\u00e9ld\u00e1ul hozz\u00e1sz\u00f3l\u00e1s) az Elad\u00f3 jogosult, de nem k\u00f6teles ellen\u0151rizni,<br \/>\u00e9s a k\u00f6zz\u00e9tett tartalmak tekintet\u00e9ben az Elad\u00f3 jogosult, de nem k\u00f6teles<br \/>jogellenes tev\u00e9kenys\u00e9g folytat\u00e1s\u00e1ra utal\u00f3 jeleket keresni \u00e9s ezek\u00e9rt<br \/>felel\u0151ss\u00e9get nem v\u00e1llal.<\/p><p>4.2. Szerz\u0151i jogok<\/p><p>A honlap teljes eg\u00e9sze (sz\u00f6vegek, k\u00e9pek, grafikai elemek, stb\u2026) szerz\u0151i<br \/>jogv\u00e9delem al\u00e1 esik, \u00edgy kereskedelmi c\u00e9lokra m\u00e1solni, m\u00f3dos\u00edtani, terjeszteni<br \/>tilos!<\/p><p><strong>5. A honlapon t\u00f6rt\u00e9n\u0151 v\u00e1s\u00e1rl\u00e1s<\/strong><\/p><p>5.1. Megrendel\u00e9s folyamata<\/p><p>A honlap term\u00e9kbemutat\u00e1si, \u00e9s online megrendel\u00e9si lehet\u0151s\u00e9get biztos\u00edt a<br \/>Felhaszn\u00e1l\u00f3k sz\u00e1m\u00e1ra. A honlapon a Felhaszn\u00e1l\u00f3 men\u00fcpontok seg\u00edts\u00e9g\u00e9vel<br \/>b\u00f6ng\u00e9szhet. A term\u00e9kek kateg\u00f3riarendszerbe sorolva tal\u00e1lhat\u00f3k meg.\u00a0<br \/>A men\u00fcben a k\u00fcl\u00f6nb\u00f6z\u0151 term\u00e9kekhez k\u00fcl\u00f6nb\u00f6z\u0151 men\u00fcpontok tal\u00e1lhat\u00f3k,<br \/>melyekre kattintva megtal\u00e1lhat\u00f3ak a term\u00e9kekr\u0151l a teljes le\u00edr\u00e1suk, valamint a<br \/>term\u00e9kek k\u00fcl\u00f6nb\u00f6z\u0151 differenci\u00e1lhat\u00f3s\u00e1ga.<br \/>Az egyes term\u00e9kek oldalainak alj\u00e1n egy \u0171rlap seg\u00edts\u00e9g\u00e9vel val\u00f3s\u00edthat\u00f3 meg a<br \/>megrendel\u00e9s. Az \u0171rlapon v\u00e1laszthat\u00f3 ki a term\u00e9k, valamint az azokhoz tartoz\u00f3<br \/>kieg\u00e9sz\u00edt\u0151k, \u00e1rakkal felt\u00fcntetve. Az \u0171rlapon adhat\u00f3 meg a sz\u00e1ml\u00e1z\u00e1si \u00e9s<br \/>sz\u00e1ll\u00edt\u00e1si adatok. V\u00e1laszthat\u00f3 bankk\u00e1rty\u00e1s fizet\u00e9s, valamint ut\u00e1nv\u00e9tes fizet\u00e9s is<br \/>az \u0171rlapon. A megrendel\u00e9s a Megrendel\u00e9s gombra val\u00f3 kattint\u00e1s ut\u00e1n t\u00f6rt\u00e9nik.<br \/>K\u00e1rty\u00e1s fizet\u00e9s eset\u00e9n ezt k\u00f6vet\u0151en a v\u00e1s\u00e1rl\u00f3 a Barion fizet\u00e9si fel\u00fcletre<br \/>\u00e9rkezik, ahol v\u00e9grehajthat\u00f3 a fizet\u00e9s.<br \/>A v\u00e1s\u00e1rl\u00e1shoz regisztr\u00e1ci\u00f3 nem sz\u00fcks\u00e9ges \u00e9s nem is lehets\u00e9ges.<br \/>Adatbeviteli hib\u00e1k eset\u00e9n a cell\u00e1ba l\u00e9pve jav\u00edthat a megadott adatokon. Ha<br \/>mindent megfelel\u0151nek tal\u00e1l, akkor a Megrendel\u00e9s elk\u00fcld\u00e9se gomb<br \/>seg\u00edts\u00e9g\u00e9vel v\u00e9gleges\u00edtheti rendel\u00e9s\u00e9t. Err\u0151l a honlapon, illetve e-mailben kap<br \/>meger\u0151s\u00edt\u00e9st.\u00a0Amennyiben a megrendel\u00e9s r\u00f6gz\u00edt\u00e9se ut\u00e1n (pl.: a visszaigazol\u00f3<br \/>e-mailben) \u00e9szlel hib\u00e1s adatot azt halad\u00e9ktalanul, de legfeljebb 24 \u00f3r\u00e1n bel\u00fcl<br \/>k\u00f6teles jelezni azt az Elad\u00f3 fel\u00e9.<\/p><p>5.2 Aj\u00e1nlati k\u00f6t\u00f6tts\u00e9g, visszaigazol\u00e1s<\/p><p>Az Elad\u00f3 a Felhaszn\u00e1l\u00f3t 48 \u00f3r\u00e1n bel\u00fcl t\u00e1j\u00e9koztatja a visszaigazol\u00e1sr\u00f3l. Ha a<br \/>Felhaszn\u00e1l\u00f3 nem kapja ezt meg 48 \u00f3r\u00e1n bel\u00fcl a visszaigazol\u00e1st, \u00fagy a<br \/>Felhaszn\u00e1l\u00f3 mentes\u00fcl aj\u00e1nlati k\u00f6t\u00f6tts\u00e9ge al\u00f3l, a megrendelt term\u00e9keket nem<br \/>k\u00f6teles \u00e1tvenni.<br \/>A visszaigazol\u00f3 e-mail tartalmazza a v\u00e1s\u00e1rl\u00e1s sor\u00e1n megadott adatokat, a<br \/>rendel\u00e9si adatokat, a megrendelt term\u00e9k(ek) nev\u00e9t, \u00e1r\u00e1t, a v\u00e1lasztott fizet\u00e9si<\/p><p>\u00e9s sz\u00e1ll\u00edt\u00e1si m\u00f3dokat, a rendel\u00e9s sorsz\u00e1m\u00e1t, valamint ezen fel\u00fcl a Felhaszn\u00e1l\u00f3<br \/>rendel\u00e9ssel kapcsolatos megjegyz\u00e9seit.<br \/>5.3. A szerz\u0151d\u00e9s l\u00e9trej\u00f6tte<br \/>A szerz\u0151d\u00e9s megk\u00f6t\u00e9s\u00e9re magyar nyelven van lehet\u0151s\u00e9g. A megrendel\u00e9s<br \/>lead\u00e1sa elektronikus \u00faton megk\u00f6t\u00f6tt szerz\u0151d\u00e9snek min\u0151s\u00fcl, amelyre az<br \/>elektronikus kereskedelmi szolg\u00e1ltat\u00e1sok, valamint az inform\u00e1ci\u00f3s<br \/>t\u00e1rsadalommal \u00f6sszef\u00fcgg\u0151 szolg\u00e1ltat\u00e1sok egyes k\u00e9rd\u00e9seir\u0151l sz\u00f3l\u00f3 2001. \u00e9vi<br \/>CVIII. t\u00f6rv\u00e9nyben foglaltak megfelel\u0151en ir\u00e1nyad\u00f3ak. A szerz\u0151d\u00e9s a fogyaszt\u00f3<br \/>\u00e9s a v\u00e1llalkoz\u00e1s k\u00f6z\u00f6tti szerz\u0151d\u00e9sek r\u00e9szletes szab\u00e1lyair\u00f3l sz\u00f3l\u00f3 45\/2014<br \/>(II.26.) Korm. rendelet hat\u00e1lya al\u00e1 tartozik, \u00e9s szem el\u0151tt tartja a fogyaszt\u00f3k<br \/>jogair\u00f3l sz\u00f3l\u00f3 Eur\u00f3pai Parlament \u00e9s a Tan\u00e1cs 2011\/83\/EU ir\u00e1nyelv\u00e9nek<br \/>rendelkez\u00e9seit.<br \/>A szerz\u0151d\u00e9s az automatikus visszaigazol\u00e1s meg\u00e9rkez\u00e9s\u00e9vel j\u00f6n l\u00e9tre.<\/p><p>5.4. Sz\u00e1mla<\/p><p>Az Elad\u00f3 a megv\u00e1s\u00e1rolt term\u00e9kekr\u0151l vagy pap\u00edr alap\u00fa vagy elektronikus<br \/>sz\u00e1ml\u00e1t \u00e1ll\u00edt ki, melyet a megk\u00fcld\u00f6tt term\u00e9k mell\u00e9 csatol vagy e-mail-ben<br \/>tov\u00e1bb\u00edt v\u00e1s\u00e1rl\u00e1st k\u00f6vet\u0151en.<\/p><p>5.5. Fizet\u00e9s<\/p><p>5.5.1. \u00c1tutal\u00e1s<\/p><p>A megv\u00e1s\u00e1rolt term\u00e9kek d\u00edj\u00e1t a v\u00e1s\u00e1rl\u00f3 teljes\u00edtheti \u00e1tutal\u00e1ssal is. Ez esetben a<br \/>Megrendel\u0151 e-mailben kapja meg az utas\u00edt\u00e1sokat Szolg\u00e1ltat\u00f3t\u00f3l, mely alapj\u00e1n<br \/>k\u00f6teles teljes\u00edteni a v\u00e9tel\u00e1r megfizet\u00e9s\u00e9t.<\/p><p>5.5.2. Barion<\/p><p>Az online bankk\u00e1rty\u00e1s fizet\u00e9sek a Barion rendszer\u00e9n kereszt\u00fcl val\u00f3sulnak<br \/>meg. A bankk\u00e1rtya adatok a keresked\u0151h\u00f6z nem jutnak el. A szolg\u00e1ltat\u00e1st<br \/>ny\u00fajt\u00f3 Barion Payment Zrt. a Magyar Nemzeti Bank fel\u00fcgyelete alatt \u00e1ll\u00f3<br \/>int\u00e9zm\u00e9ny, enged\u00e9ly\u00e9nek sz\u00e1ma: H-EN-I-1064\/201.<\/p><p>5.6. Sz\u00e1ll\u00edt\u00e1s<\/p><p>A sz\u00e1ll\u00edt\u00e1st fut\u00e1rszolg\u00e1lattal bonyol\u00edtjuk. A sz\u00e1ll\u00edt\u00e1s a term\u00e9k elk\u00e9sz\u00fcl\u00e9s\u00e9t<br \/>k\u00f6vet\u0151en 14 munkanapon bel\u00fcl t\u00f6rt\u00e9nik meg.\u00a0<\/p>\t\t\t\t\t\t\t\t<\/div>\n\t\t\t\t<\/div>\n\t\t\t\t\t<\/div>\n\t\t<\/div>\n\t\t\t\t<div class=\"elementor-column elementor-col-50 elementor-top-column elementor-element elementor-element-5075271\" data-id=\"5075271\" data-element_type=\"column\">\n\t\t\t<div class=\"elementor-widget-wrap\">\n\t\t\t\t\t\t\t<\/div>\n\t\t<\/div>\n\t\t\t\t\t<\/div>\n\t\t<\/section>\n\t\t\t\t<\/div>","protected":false},"excerpt":{"rendered":"<p>\u00c1ltal\u00e1nos szerz\u0151d\u00e9si felt\u00e9telek A jelen \u00e1ltal\u00e1nos szerz\u0151d\u00e9si felt\u00e9telek \u2013 a tov\u00e1bbiakban: \u201e\u00c1SZF\u201d \u2013 M\u00f3rocza- Tavas Eszter Egy\u00e9ni v\u00e1llalkoz\u00f3 \u2013 tov\u00e1bbiakban: \u201eElad\u00f3\u201d \u2013 \u00e1ltal a www.kremlabor.hu honlapon kereszt\u00fcl \u00e9rt\u00e9kes\u00edtett \u201cterm\u00e9kek\u201d \u2013 a tov\u00e1bbiakban: \u201eTerm\u00e9kek\u201d \u2013 megv\u00e1s\u00e1rl\u00e1s\u00e1nak felt\u00e9teleit szab\u00e1lyozza. 1. A Szolg\u00e1ltat\u00e1s ny\u00fajt\u00f3i: N\u00e9v:&nbsp;M\u00f3rocza-Tavas Eszter Sz\u00e9khely:&nbsp;8411 Veszpr\u00e9m, Vas\u00fat u. 21\/1. Nyilv\u00e1ntart\u00e1si sz\u00e1m: 54699377 Ad\u00f3sz\u00e1m:&nbsp;55949967-1-39 Email c\u00edm: info@kremlabor.hu &#8230; <a title=\"\u00c1ltal\u00e1nos Szerz\u0151d\u00e9si Felt\u00e9telek2\" class=\"read-more\" href=\"https:\/\/kremlabor.hu\/en\/altalanos-szerzodesi-feltetelek2\/\" aria-label=\"More on \u00c1ltal\u00e1nos Szerz\u0151d\u00e9si Felt\u00e9telek2\">Read more<\/a><\/p>","protected":false},"author":1,"featured_media":0,"parent":0,"menu_order":0,"comment_status":"closed","ping_status":"closed","template":"elementor_theme","meta":{"footnotes":""},"class_list":["post-1325","page","type-page","status-publish"],"_links":{"self":[{"href":"https:\/\/kremlabor.hu\/en\/wp-json\/wp\/v2\/pages\/1325","targetHints":{"allow":["GET"]}}],"collection":[{"href":"https:\/\/kremlabor.hu\/en\/wp-json\/wp\/v2\/pages"}],"about":[{"href":"https:\/\/kremlabor.hu\/en\/wp-json\/wp\/v2\/types\/page"}],"author":[{"embeddable":true,"href":"https:\/\/kremlabor.hu\/en\/wp-json\/wp\/v2\/users\/1"}],"replies":[{"embeddable":true,"href":"https:\/\/kremlabor.hu\/en\/wp-json\/wp\/v2\/comments?post=1325"}],"version-history":[{"count":2,"href":"https:\/\/kremlabor.hu\/en\/wp-json\/wp\/v2\/pages\/1325\/revisions"}],"predecessor-version":[{"id":1344,"href":"https:\/\/kremlabor.hu\/en\/wp-json\/wp\/v2\/pages\/1325\/revisions\/1344"}],"wp:attachment":[{"href":"https:\/\/kremlabor.hu\/en\/wp-json\/wp\/v2\/media?parent=1325"}],"curies":[{"name":"wp","href":"https:\/\/api.w.org\/{rel}","templated":true}]}}