{"id":1659,"date":"2021-11-17T11:23:00","date_gmt":"2021-11-17T11:23:00","guid":{"rendered":"https:\/\/kremlabor.hu\/?post_type=product&#038;p=1659"},"modified":"2021-11-17T12:24:09","modified_gmt":"2021-11-17T12:24:09","slug":"angebote-fur-unternehmen","status":"publish","type":"product","link":"https:\/\/kremlabor.hu\/en\/product\/angebote-fur-unternehmen\/","title":{"rendered":"Angebote f\u00fcr Unternehmen"},"content":{"rendered":"<p>Ak\u00e1r csapat\u00e9p\u00edt\u0151k\u00e9nt, ak\u00e1r k\u00f6z\u00f6s fejl\u0151d\u00e9si lehet\u0151s\u00e9gk\u00e9nt nagyszer\u0171 sz\u00f3rakoz\u00e1si lehet\u0151s\u00e9g lehet egy workshop elv\u00e9gz\u00e9se egy\u00fctt.<\/p>\n<p>Lehet\u0151s\u00e9g van egy\u00e9ni, kifejezetten nektek sz\u00f3l\u00f3 tanfolyam elv\u00e9g\u00e9z\u00e9sre.<br \/>\nA r\u00e9szletekkel kapcsolatban keress meg \u00e9s k\u00e9rj egyedi \u00e1raj\u00e1nlatot!<\/p>","protected":false},"excerpt":{"rendered":"<p>Come to our workshops as a team<\/p>","protected":false},"featured_media":142,"comment_status":"closed","ping_status":"closed","template":"","meta":[],"product_brand":[],"product_cat":[25],"product_tag":[],"class_list":{"0":"post-1659","1":"product","2":"type-product","3":"status-publish","4":"has-post-thumbnail","6":"product_cat-cegeknek","7":"product_shipping_class-workshop-szallitas","9":"first","10":"instock","11":"shipping-taxable","12":"purchasable","13":"product-type-simple"},"_links":{"self":[{"href":"https:\/\/kremlabor.hu\/en\/wp-json\/wp\/v2\/product\/1659","targetHints":{"allow":["GET"]}}],"collection":[{"href":"https:\/\/kremlabor.hu\/en\/wp-json\/wp\/v2\/product"}],"about":[{"href":"https:\/\/kremlabor.hu\/en\/wp-json\/wp\/v2\/types\/product"}],"replies":[{"embeddable":true,"href":"https:\/\/kremlabor.hu\/en\/wp-json\/wp\/v2\/comments?post=1659"}],"wp:featuredmedia":[{"embeddable":true,"href":"https:\/\/kremlabor.hu\/en\/wp-json\/wp\/v2\/media\/142"}],"wp:attachment":[{"href":"https:\/\/kremlabor.hu\/en\/wp-json\/wp\/v2\/media?parent=1659"}],"wp:term":[{"taxonomy":"product_brand","embeddable":true,"href":"https:\/\/kremlabor.hu\/en\/wp-json\/wp\/v2\/product_brand?post=1659"},{"taxonomy":"product_cat","embeddable":true,"href":"https:\/\/kremlabor.hu\/en\/wp-json\/wp\/v2\/product_cat?post=1659"},{"taxonomy":"product_tag","embeddable":true,"href":"https:\/\/kremlabor.hu\/en\/wp-json\/wp\/v2\/product_tag?post=1659"}],"curies":[{"name":"wp","href":"https:\/\/api.w.org\/{rel}","templated":true}]}}