{"id":1660,"date":"2021-11-17T11:54:43","date_gmt":"2021-11-17T11:54:43","guid":{"rendered":"https:\/\/kremlabor.hu\/?post_type=product&#038;p=1660"},"modified":"2022-01-14T09:06:11","modified_gmt":"2022-01-14T09:06:11","slug":"lavenderwasser","status":"publish","type":"product","link":"https:\/\/kremlabor.hu\/en\/product\/lavenderwasser\/","title":{"rendered":"Lavenderwasser"},"content":{"rendered":"<p>Seine Wirkung ist fast die gleiche wie des \u00d6ls, erm\u00f6glicht aber auch andere Anwendungen. Kann unverd\u00fcnnt f\u00fcr jeden Hauttyp verwendet werden, beruhigt empfindliche Haut, wirkt ausgleichend bei fettiger Haut, lindert Entz\u00fcndungen. Regeneriert gesch\u00e4digte, gereizte Haut, und die Symptome von Insektenstichen und Sonnenbrand. Beruhigt die Haut nach der Rasur und Haarentfernung. In Aromalampe und Badewasser gegossen wirkt es stressabbauend, lindert Kopfschmerzen und hilft beim Einschlafen. Es gilt auch als nat\u00fcrliches, chemikalienfreies Parf\u00fcm und Insektenschutzmittel. Es kann auch zur Babyhautpflege verwendet werden, es hat entz\u00fcndungshemmende, antibakterielle und regenerierende Eigenschaften. Ins B\u00fcgeleisen gef\u00fcllt, verleiht es der Kleidung einen zarten Duft.<\/p>","protected":false},"excerpt":{"rendered":"<p>Die Wirkung von Lavendelhydrolat ist fast die gleiche wie die von \u00d6l, l\u00e4sst aber auch andere Verwendungen zu.<\/p>","protected":false},"featured_media":935,"comment_status":"open","ping_status":"closed","template":"","meta":[],"product_brand":[],"product_cat":[100,27],"product_tag":[],"class_list":{"0":"post-1660","1":"product","2":"type-product","3":"status-publish","4":"has-post-thumbnail","6":"product_cat-de-termekek","7":"product_cat-termekek","8":"product_shipping_class-termek-szallitasi-koltseg","10":"first","11":"instock","12":"shipping-taxable","13":"purchasable","14":"product-type-variable"},"_links":{"self":[{"href":"https:\/\/kremlabor.hu\/en\/wp-json\/wp\/v2\/product\/1660","targetHints":{"allow":["GET"]}}],"collection":[{"href":"https:\/\/kremlabor.hu\/en\/wp-json\/wp\/v2\/product"}],"about":[{"href":"https:\/\/kremlabor.hu\/en\/wp-json\/wp\/v2\/types\/product"}],"replies":[{"embeddable":true,"href":"https:\/\/kremlabor.hu\/en\/wp-json\/wp\/v2\/comments?post=1660"}],"wp:featuredmedia":[{"embeddable":true,"href":"https:\/\/kremlabor.hu\/en\/wp-json\/wp\/v2\/media\/935"}],"wp:attachment":[{"href":"https:\/\/kremlabor.hu\/en\/wp-json\/wp\/v2\/media?parent=1660"}],"wp:term":[{"taxonomy":"product_brand","embeddable":true,"href":"https:\/\/kremlabor.hu\/en\/wp-json\/wp\/v2\/product_brand?post=1660"},{"taxonomy":"product_cat","embeddable":true,"href":"https:\/\/kremlabor.hu\/en\/wp-json\/wp\/v2\/product_cat?post=1660"},{"taxonomy":"product_tag","embeddable":true,"href":"https:\/\/kremlabor.hu\/en\/wp-json\/wp\/v2\/product_tag?post=1660"}],"curies":[{"name":"wp","href":"https:\/\/api.w.org\/{rel}","templated":true}]}}