{"id":1966,"date":"2022-01-14T08:36:45","date_gmt":"2022-01-14T08:36:45","guid":{"rendered":"https:\/\/kremlabor.hu\/?post_type=product&#038;p=1966"},"modified":"2022-01-14T08:37:03","modified_gmt":"2022-01-14T08:37:03","slug":"i-basiskurs","status":"publish","type":"product","link":"https:\/\/kremlabor.hu\/en\/product\/i-basiskurs\/","title":{"rendered":"I. Basiskurs"},"content":{"rendered":"<ul>\n<li>wir lernen die Grundstruktur und Bed\u00fcrfnisse der Haut kennen<\/li>\n<li>was ist Naturkosmetik und Biokosmetik, was ist beim Kauf oder Herstellung von Kosmetik zu achten<\/li>\n<li>mit welchen Inhaltsstoffen k\u00f6nnen wir arbeiten, um die Kosmetik wirklich gesund zu machen<\/li>\n<li>wir lernen die nat\u00fcrlichen Rohstoffe f\u00fcr die Grundpflege der Haut kennen, mit denen wir im Kurs arbeiten, hervorgehoben die \u00f6ligen Inhaltsstoffe<\/li>\n<li>Welche Ausr\u00fcstung wird ben\u00f6tigt, um zu Hause zu arbeiten? Wo k\u00f6nnen wir diese kaufen? (pers\u00f6nliche Tipps und Erfahrungen zu Bezugsquellen)<\/li>\n<li>Grundlagen der Naturkosmetikherstellung (z.B. Sterilisation, Phasen und Komponenten, Standardisierung von Prozessen)<\/li>\n<li>wie kann man das Rezept sp\u00e4ter bei Bedarf \u00e4ndern?<\/li>\n<li>w\u00e4hrend des Kurses herstellen wir zum Beispiel schnell zuzubereitende einphasige Salben (Lippenpflege, fettende Gesichts- und K\u00f6rperserum, Eckpflegebalsam, Badebombe, K\u00f6rperspray)<\/li>\n<li>gratis &#8222;Die Kraft der Samen&#8221; Handbuch (\u00d6le, Fette und Wachse)<\/li>\n<\/ul>","protected":false},"excerpt":{"rendered":"<p>Basistraining f\u00fcr alle, die die Herstellung von Naturkosmetik von den Grundlagen an lernen wollen<\/p>\n<div><strong>Derzeit ist kein Kurs ausgeschrieben. <a href=\"https:\/\/salesautopilot.s3.amazonaws.com\/newsletter\/letter\/nl122628\/ns239259\/subscribe.html\">Melden Sie sich f\u00fcr den Newsletter an<\/a> und Sie werden \u00fcber die n\u00e4chste Gelegenheit benachrichtigt.<\/strong><span style=\"font-family: times new roman, serif;\"><br \/>\n<\/span><\/div>","protected":false},"featured_media":145,"comment_status":"open","ping_status":"closed","template":"","meta":[],"product_brand":[],"product_cat":[98],"product_tag":[],"class_list":{"0":"post-1966","1":"product","2":"type-product","3":"status-publish","4":"has-post-thumbnail","6":"product_cat-de","7":"product_shipping_class-workshop-szallitas","9":"first","10":"outofstock","11":"shipping-taxable","12":"purchasable","13":"product-type-simple"},"_links":{"self":[{"href":"https:\/\/kremlabor.hu\/en\/wp-json\/wp\/v2\/product\/1966","targetHints":{"allow":["GET"]}}],"collection":[{"href":"https:\/\/kremlabor.hu\/en\/wp-json\/wp\/v2\/product"}],"about":[{"href":"https:\/\/kremlabor.hu\/en\/wp-json\/wp\/v2\/types\/product"}],"replies":[{"embeddable":true,"href":"https:\/\/kremlabor.hu\/en\/wp-json\/wp\/v2\/comments?post=1966"}],"wp:featuredmedia":[{"embeddable":true,"href":"https:\/\/kremlabor.hu\/en\/wp-json\/wp\/v2\/media\/145"}],"wp:attachment":[{"href":"https:\/\/kremlabor.hu\/en\/wp-json\/wp\/v2\/media?parent=1966"}],"wp:term":[{"taxonomy":"product_brand","embeddable":true,"href":"https:\/\/kremlabor.hu\/en\/wp-json\/wp\/v2\/product_brand?post=1966"},{"taxonomy":"product_cat","embeddable":true,"href":"https:\/\/kremlabor.hu\/en\/wp-json\/wp\/v2\/product_cat?post=1966"},{"taxonomy":"product_tag","embeddable":true,"href":"https:\/\/kremlabor.hu\/en\/wp-json\/wp\/v2\/product_tag?post=1966"}],"curies":[{"name":"wp","href":"https:\/\/api.w.org\/{rel}","templated":true}]}}