{"id":1984,"date":"2022-04-14T09:36:16","date_gmt":"2022-04-14T09:36:16","guid":{"rendered":"https:\/\/kremlabor.hu\/?post_type=product&#038;p=1984"},"modified":"2022-04-17T19:13:28","modified_gmt":"2022-04-17T19:13:28","slug":"anyaknapi-kezmuves-foglalkozas-veszprem-pekedli","status":"publish","type":"product","link":"https:\/\/kremlabor.hu\/en\/product\/anyaknapi-kezmuves-foglalkozas-veszprem-pekedli\/","title":{"rendered":"Any\u00e1knapi k\u00e9zm\u0171ves foglalkoz\u00e1s Veszpr\u00e9m Pekedli"},"content":{"rendered":"<div class=\"kvgmc6g5 cxmmr5t8 oygrvhab hcukyx3x c1et5uql\">ANY\u00c1K NAPI ALKOT\u00d3 workshop l\u00e1dika fest\u00e9s \u00e9s nat\u00far kozmetikum k\u00e9sz\u00edt\u00e9s\u00e9vel<\/div>\n<div class=\"cxmmr5t8 oygrvhab hcukyx3x c1et5uql o9v6fnle\">Kik a Piktorella \u00e9s a Kr\u00e9mlabor h\u00e1ziasszonyai: Borka \u00e9s Eszter \u00f6sszefogtunk \u00e9s egy KREAT\u00cdV \u00c9LM\u00c9NY WORKSHOPOT \u00e1lmodtunk meg NEKTEK!<\/div>\n<div class=\"cxmmr5t8 oygrvhab hcukyx3x c1et5uql o9v6fnle\">Arra gondoltunk, hogy \u00fcnnepelj\u00fck meg az any\u00e1k napj\u00e1t. K\u00e9sz\u00edts\u00fcnk sz\u00edvhez sz\u00f3l\u00f3 aj\u00e1nd\u00e9kokat \u00e9desany\u00e1nknak, nagymam\u00e1nknak, vagy ak\u00e1r saj\u00e1t magunknak.<\/div>\n<div class=\"cxmmr5t8 oygrvhab hcukyx3x c1et5uql o9v6fnle\">Mi azaz Borka \u00e9s Eszter szeret\u00fcnk term\u00e9szetes alapanyagokkal dolgozni, ez\u00e9rt \u00fagy \u00e1ll\u00edtottuk \u00f6ssze a programot, hogy amit k\u00e9sz\u00edt\u00fcnk az ne csak sz\u00e9p legyen, haszn\u00e1lhat\u00f3 \u00e9s illatos hanem a fenntarthat\u00f3s\u00e1g jegy\u00e9ben sz\u00fclessenek kez\u00fcnk alatt a csod\u00e1k.<\/div>\n<div class=\"cxmmr5t8 oygrvhab hcukyx3x c1et5uql o9v6fnle\">Gyere el erre az alkalomra l\u00e1nyoddal, bar\u00e1tn\u0151ddel, anyuk\u00e1ddal vagy aj\u00e1nd\u00e9kozd meg magadat egy p\u00e1r \u00f3ra kreat\u00edv alkot\u00e1ssal.<\/div>\n<div class=\"cxmmr5t8 oygrvhab hcukyx3x c1et5uql o9v6fnle\">A workshop els\u0151 r\u00e9sz\u00e9ben egy praktikus, fakkos l\u00e1dik\u00e1t fogunk sz\u00ednbe burkolni. Illatos HH kr\u00e9tafest\u00e9ket haszn\u00e1lunk \u00e9s minden l\u00e9p\u00e9sn\u00e9l seg\u00edtek, tr\u00fckk\u00f6ket mutatok, hogy k\u00f6nnyed\u00e9n fesd meg \u00e1lmaid l\u00e1dik\u00e1j\u00e1t.<\/div>\n<div class=\"cxmmr5t8 oygrvhab hcukyx3x c1et5uql o9v6fnle\">Am\u00edg mi \u00e1trendezz\u00fck a m\u0171termet laborr\u00e1, addig a r\u00e9szvev\u0151k egy kis friss\u00edt\u0151vel \u00e9s falatk\u00e1kkal nyerhetnek \u00faj er\u0151t a workshop m\u00e1sodik r\u00e9sz\u00e9re.<\/div>\n<div class=\"cxmmr5t8 oygrvhab hcukyx3x c1et5uql o9v6fnle\">Ha m\u00e9g nem k\u00e9sz\u00edtett\u00e9l otthon kozmetikumot, akkor ideje, hogy kipr\u00f3b\u00e1ld! A l\u00e1dik\u00e1kat megt\u00f6ltj\u00fck, az \u00e9desany\u00e1knak sz\u00e1nt aj\u00e1nd\u00e9kokkal: kever\u00fcnk test\u00e1pol\u00f3t, arckr\u00e9met.<\/div>\n<div class=\"cxmmr5t8 oygrvhab hcukyx3x c1et5uql o9v6fnle\">A kozmetikumk\u00e9sz\u00edt\u0151 program alatt egy igazi laborat\u00f3riumban \u00e9rezheted magad \u00e9s megtanulhatod, hogy mik\u00e9nt lehet val\u00f3ban eg\u00e9szs\u00e9ges k\u00e1ros anyagokt\u00f3l mentes kenc\u00e9ket k\u00e9sz\u00edteni.<\/div>\n<div class=\"cxmmr5t8 oygrvhab hcukyx3x c1et5uql o9v6fnle\">A k\u00e9sz kr\u00e9mek val\u00f3ban nagyon hasonl\u00edtanak a drog\u00e9ri\u00e1ban kaphat\u00f3 t\u00e1rsaikhoz, azonban csupa term\u00e9szetes \u00f6sszetev\u0151kb\u0151l \u00e1llnak \u00e9s nem tartalmaznak felesleges adal\u00e9kanyagokat.<\/div>\n<div class=\"cxmmr5t8 oygrvhab hcukyx3x c1et5uql o9v6fnle\">Helysz\u00edn: Pekedli Veszpr\u00e9m, R\u00e1k\u00f3czi Ferenc u. 1, 8200<\/div>\n<div class=\"cxmmr5t8 oygrvhab hcukyx3x c1et5uql o9v6fnle\">A Workshopot minimum 6 f\u0151 jelentkez\u00e9s\u00e9vel tudom megtartani.<br \/>\nA maximum l\u00e9tsz\u00e1m: 10 f\u0151<\/div>","protected":false},"excerpt":{"rendered":"<p>ANY\u00c1K NAPI ALKOT\u00d3 workshop l\u00e1dika fest\u00e9s \u00e9s nat\u00far kozmetikum k\u00e9sz\u00edt\u00e9s\u00e9vel<\/p>","protected":false},"featured_media":1987,"comment_status":"open","ping_status":"closed","template":"","meta":[],"product_brand":[],"product_cat":[24],"product_tag":[],"class_list":{"0":"post-1984","1":"product","2":"type-product","3":"status-publish","4":"has-post-thumbnail","6":"product_cat-alapkepzes-nelkul-latogathato","8":"first","9":"instock","10":"shipping-taxable","11":"purchasable","12":"product-type-variable"},"_links":{"self":[{"href":"https:\/\/kremlabor.hu\/en\/wp-json\/wp\/v2\/product\/1984","targetHints":{"allow":["GET"]}}],"collection":[{"href":"https:\/\/kremlabor.hu\/en\/wp-json\/wp\/v2\/product"}],"about":[{"href":"https:\/\/kremlabor.hu\/en\/wp-json\/wp\/v2\/types\/product"}],"replies":[{"embeddable":true,"href":"https:\/\/kremlabor.hu\/en\/wp-json\/wp\/v2\/comments?post=1984"}],"wp:featuredmedia":[{"embeddable":true,"href":"https:\/\/kremlabor.hu\/en\/wp-json\/wp\/v2\/media\/1987"}],"wp:attachment":[{"href":"https:\/\/kremlabor.hu\/en\/wp-json\/wp\/v2\/media?parent=1984"}],"wp:term":[{"taxonomy":"product_brand","embeddable":true,"href":"https:\/\/kremlabor.hu\/en\/wp-json\/wp\/v2\/product_brand?post=1984"},{"taxonomy":"product_cat","embeddable":true,"href":"https:\/\/kremlabor.hu\/en\/wp-json\/wp\/v2\/product_cat?post=1984"},{"taxonomy":"product_tag","embeddable":true,"href":"https:\/\/kremlabor.hu\/en\/wp-json\/wp\/v2\/product_tag?post=1984"}],"curies":[{"name":"wp","href":"https:\/\/api.w.org\/{rel}","templated":true}]}}