{"id":242,"date":"2021-04-20T16:09:37","date_gmt":"2021-04-20T16:09:37","guid":{"rendered":"https:\/\/kremlabor.hu\/?post_type=product&#038;p=242"},"modified":"2022-01-14T08:34:00","modified_gmt":"2022-01-14T08:34:00","slug":"halado-alapkepzes","status":"publish","type":"product","link":"https:\/\/kremlabor.hu\/en\/product\/halado-alapkepzes\/","title":{"rendered":"II. Halad\u00f3 alapk\u00e9pz\u00e9s"},"content":{"rendered":"<p><strong>Thematics:<\/strong><br \/>\n\u2022 We focus primarily on emulsions or how to make water and oil-based products<br \/>\n\u2022 the process and significance of emulsification<br \/>\n\u2022 additional basic knowledge of making natural cosmetics (eg. good formulation practice, pH measurement, preservation)<br \/>\n\u2022 get to know the other natural materials needed for basic skincare that we work with during the course<br \/>\n\u2022 we make, for example, body lotion, face cream, face wash, make-up remover, facial scrub, hand cream, eye wrinkle cream, shampoo, shower gel\u2026<br \/>\n\u2022 gift Customization guide and raw material descriptions<\/p>","protected":false},"excerpt":{"rendered":"<p>Advanced training for those who have already encountered natural cosmetics making but want to further develop their skills.<\/p>\n<p><strong>This workshop is not available now. <a href=\"https:\/\/salesautopilot.s3.amazonaws.com\/newsletter\/letter\/nl122628\/ns239258\/subscribe.html\">You can subscribe<\/a> to get a notification of the next workshop.<\/strong><\/p>","protected":false},"featured_media":139,"comment_status":"open","ping_status":"closed","template":"","meta":[],"product_brand":[],"product_cat":[39,22],"product_tag":[],"class_list":{"0":"post-242","1":"product","2":"type-product","3":"status-publish","4":"has-post-thumbnail","6":"product_cat-kepzesek","7":"product_cat-alapkepzesek","8":"product_shipping_class-workshop-szallitas","10":"first","11":"outofstock","12":"shipping-taxable","13":"product-type-simple"},"_links":{"self":[{"href":"https:\/\/kremlabor.hu\/en\/wp-json\/wp\/v2\/product\/242","targetHints":{"allow":["GET"]}}],"collection":[{"href":"https:\/\/kremlabor.hu\/en\/wp-json\/wp\/v2\/product"}],"about":[{"href":"https:\/\/kremlabor.hu\/en\/wp-json\/wp\/v2\/types\/product"}],"replies":[{"embeddable":true,"href":"https:\/\/kremlabor.hu\/en\/wp-json\/wp\/v2\/comments?post=242"}],"wp:featuredmedia":[{"embeddable":true,"href":"https:\/\/kremlabor.hu\/en\/wp-json\/wp\/v2\/media\/139"}],"wp:attachment":[{"href":"https:\/\/kremlabor.hu\/en\/wp-json\/wp\/v2\/media?parent=242"}],"wp:term":[{"taxonomy":"product_brand","embeddable":true,"href":"https:\/\/kremlabor.hu\/en\/wp-json\/wp\/v2\/product_brand?post=242"},{"taxonomy":"product_cat","embeddable":true,"href":"https:\/\/kremlabor.hu\/en\/wp-json\/wp\/v2\/product_cat?post=242"},{"taxonomy":"product_tag","embeddable":true,"href":"https:\/\/kremlabor.hu\/en\/wp-json\/wp\/v2\/product_tag?post=242"}],"curies":[{"name":"wp","href":"https:\/\/api.w.org\/{rel}","templated":true}]}}